{"id":690,"date":"2023-05-10T19:28:27","date_gmt":"2023-05-10T17:28:27","guid":{"rendered":"https:\/\/highpriority.de\/?page_id=690"},"modified":"2023-09-12T18:35:38","modified_gmt":"2023-09-12T16:35:38","slug":"ueber-uns","status":"publish","type":"page","link":"https:\/\/highpriority.de\/en\/ueber-uns\/","title":{"rendered":"About us"},"content":{"rendered":"<p>[et_pb_section fb_built=&#8220;1&#8243; fullwidth=&#8220;on&#8220; _builder_version=&#8220;4.21.0&#8243; _module_preset=&#8220;default&#8220; background_enable_image=&#8220;off&#8220; animation_style=&#8220;slide&#8220; animation_direction=&#8220;top&#8220; animation_intensity_slide=&#8220;2%&#8220; animation_starting_opacity=&#8220;100%&#8220; global_colors_info=&#8220;{}&#8220;][et_pb_fullwidth_header content_max_width=&#8220;700px&#8220; content_tablet=&#8220;&#8220; content_phone=&#8220;&#8220; content_last_edited=&#8220;on|phone&#8220; content_max_width_tablet=&#8220;700px&#8220; content_max_width_phone=&#8220;&#8220; content_max_width_last_edited=&#8220;on|phone&#8220; _builder_version=&#8220;4.21.0&#8243; _module_preset=&#8220;default&#8220; title_font=&#8220;Montserrat||||||||&#8220; title_font_size=&#8220;60px&#8220; title_line_height=&#8220;1.2em&#8220; content_font=&#8220;Montserrat||||||||&#8220; content_text_color=&#8220;#000000&#8243; content_font_size=&#8220;20px&#8220; content_line_height=&#8220;1.8em&#8220; background_color=&#8220;rgba(255, 255, 255, 0)&#8220; background_image=&#8220;https:\/\/highpriority.de\/wp-content\/uploads\/2023\/09\/Daniela_Zimmer_sk14973_2100x1000.jpg&#8220; custom_button_one=&#8220;on&#8220; button_one_text_size=&#8220;18px&#8220; button_one_bg_color=&#8220;#02d002&#8243; button_one_border_width=&#8220;8px&#8220; button_one_border_color=&#8220;#02d002&#8243; button_one_border_radius=&#8220;0px&#8220; button_one_letter_spacing=&#8220;1px&#8220; button_one_font=&#8220;Lato|700|||||||&#8220; button_one_use_icon=&#8220;off&#8220; custom_button_two=&#8220;on&#8220; button_two_text_size=&#8220;18px&#8220; button_two_text_color=&#8220;#353740&#8243; button_two_bg_color=&#8220;#ffffff&#8220; button_two_border_width=&#8220;8px&#8220; button_two_border_color=&#8220;#ffffff&#8220; button_two_border_radius=&#8220;0px&#8220; button_two_letter_spacing=&#8220;1px&#8220; button_two_font=&#8220;Lato|700|||||||&#8220; button_two_use_icon=&#8220;off&#8220; min_height=&#8220;585px&#8220; min_height_tablet=&#8220;369px&#8220; min_height_phone=&#8220;190px&#8220; min_height_last_edited=&#8220;on|phone&#8220; custom_margin=&#8220;|||&#8220; custom_padding=&#8220;12.4%||12%|||&#8220; hover_enabled=&#8220;0&#8243; title_font_tablet=&#8220;Montserrat||||||||&#8220; title_font_phone=&#8220;Montserrat||||||||&#8220; title_font_last_edited=&#8220;on|tablet&#8220; title_font_size_tablet=&#8220;37px&#8220; title_font_size_phone=&#8220;25px&#8220; title_font_size_last_edited=&#8220;on|phone&#8220; content_font_size_tablet=&#8220;15px&#8220; content_font_size_phone=&#8220;13px&#8220; content_font_size_last_edited=&#8220;on|tablet&#8220; button_one_letter_spacing_hover=&#8220;1px&#8220; button_two_letter_spacing_hover=&#8220;1px&#8220; global_colors_info=&#8220;{}&#8220; button_one_text_size__hover_enabled=&#8220;off&#8220; button_two_text_size__hover_enabled=&#8220;off&#8220; button_one_text_color__hover_enabled=&#8220;off&#8220; button_two_text_color__hover_enabled=&#8220;off&#8220; button_one_border_width__hover_enabled=&#8220;off&#8220; button_two_border_width__hover_enabled=&#8220;off&#8220; button_one_border_color__hover_enabled=&#8220;off&#8220; button_two_border_color__hover_enabled=&#8220;off&#8220; button_one_border_radius__hover_enabled=&#8220;off&#8220; button_two_border_radius__hover_enabled=&#8220;off&#8220; button_one_letter_spacing__hover_enabled=&#8220;on&#8220; button_one_letter_spacing__hover=&#8220;1px&#8220; button_two_letter_spacing__hover_enabled=&#8220;on&#8220; button_two_letter_spacing__hover=&#8220;1px&#8220; button_one_bg_color__hover_enabled=&#8220;off&#8220; button_two_bg_color__hover_enabled=&#8220;off&#8220; background_position=&#8220;top_center&#8220; sticky_enabled=&#8220;0&#8243;][\/et_pb_fullwidth_header][\/et_pb_section][et_pb_section fb_built=&#8220;1&#8243; _builder_version=&#8220;4.17.4&#8243; _module_preset=&#8220;default&#8220; global_colors_info=&#8220;{}&#8220;][et_pb_row _builder_version=&#8220;4.17.4&#8243; _module_preset=&#8220;default&#8220; global_colors_info=&#8220;{}&#8220;][et_pb_column type=&#8220;4_4&#8243; _builder_version=&#8220;4.17.4&#8243; _module_preset=&#8220;default&#8220; global_colors_info=&#8220;{}&#8220;][et_pb_text _builder_version=&#8220;4.21.0&#8243; _module_preset=&#8220;default&#8220; header_2_font=&#8220;Montserrat|300|||||||&#8220; header_2_font_size=&#8220;30px&#8220; header_2_line_height=&#8220;1.5em&#8220; header_2_font_size_tablet=&#8220;24px&#8220; header_2_font_size_phone=&#8220;21px&#8220; header_2_font_size_last_edited=&#8220;on|phone&#8220; header_2_line_height_tablet=&#8220;1.5em&#8220; header_2_line_height_phone=&#8220;1.4em&#8220; header_2_line_height_last_edited=&#8220;on|desktop&#8220; global_colors_info=&#8220;{}&#8220;]<\/p>\n<h2>Daniela Zimmer<\/h2>\n<p>\u00a0Gesch\u00e4ftsf\u00fchrende Gesellschafterin<\/p>\n<p>[\/et_pb_text][\/et_pb_column][\/et_pb_row][et_pb_row _builder_version=&#8220;4.17.4&#8243; _module_preset=&#8220;default&#8220; custom_margin=&#8220;50px||||false|false&#8220; custom_margin_tablet=&#8220;0px||||false|false&#8220; custom_margin_phone=&#8220;0px||||false|false&#8220; custom_margin_last_edited=&#8220;on|phone&#8220; global_colors_info=&#8220;{}&#8220;][et_pb_column type=&#8220;4_4&#8243; _builder_version=&#8220;4.17.4&#8243; _module_preset=&#8220;default&#8220; global_colors_info=&#8220;{}&#8220;][et_pb_text _builder_version=&#8220;4.21.0&#8243; _module_preset=&#8220;default&#8220; text_font=&#8220;Montserrat|300|||||||&#8220; text_text_color=&#8220;#000000&#8243; text_font_size=&#8220;17px&#8220; header_3_font=&#8220;Montserrat||||||||&#8220; header_3_text_color=&#8220;#e30613&#8243; custom_padding=&#8220;|||170px|false|false&#8220; custom_padding_tablet=&#8220;|||0px|false|false&#8220; custom_padding_phone=&#8220;|||0px|false|false&#8220; custom_padding_last_edited=&#8220;on|desktop&#8220; text_font_size_tablet=&#8220;16px&#8220; text_font_size_phone=&#8220;15px&#8220; text_font_size_last_edited=&#8220;on|tablet&#8220; header_3_font_size_tablet=&#8220;20px&#8220; header_3_font_size_phone=&#8220;17px&#8220; header_3_font_size_last_edited=&#8220;on|phone&#8220; header_3_line_height_tablet=&#8220;1.5em&#8220; header_3_line_height_phone=&#8220;1.4em&#8220; header_3_line_height_last_edited=&#8220;on|desktop&#8220; global_colors_info=&#8220;{}&#8220;]<\/p>\n<p>High Priority ist ein kleines, inhabergef\u00fchrtes Beratungsunternehmen, das seit 2015 Kunden bei der Transformation und Digitalisierung in Sales, Services, Demand-, Angebots- und Auftragsmanagement unterst\u00fctzt.<\/p>\n<p>Daniela Zimmer gr\u00fcndete die High Priority GmbH 2015 und begleitet seither Kunden bei Ihren Initiativen.<\/p>\n<p>Seit vielen Jahren ist es ihre Leidenschaft, Unternehmen aufzubauen, weiterzuentwickeln und die Chancen neuer M\u00e4rkte und Technologien zu nutzen.<br \/>Daniela Zimmer hat \u00fcber 20 Jahre lang in F\u00fchrungsfunktionen bei multi-nationalen Unternehmen den Gesch\u00e4ftsaufbau und -Ausbau verantwortet und eine Vielzahl von Projekten in Time und Budget zum Erfolg gef\u00fchrt.<\/p>\n<p>Dabei hat sie gelernt, wie wichtig es ist, moderne Arbeitswelten und Systeme einzusetzen, die wirklich auf das Business zugeschnitten sind. Ein Umfeld mit dem Mitarbeiter und Kunden gerne und gut arbeiten, so dass echter Mehrwert entstehen kann.<\/p>\n<p>Deshalb konzentriert sie sich mit der High Priority darauf, als Schnittstelle zwischen Business und IT-Teams, Prozesse und L\u00f6sungen f\u00fcr hochfunktionale, benutzerfreundliche CRM und ERP Landschaften zu konzipieren und einzuf\u00fchren. Pragmatisch, Hands-on und zuverl\u00e4ssig.<\/p>\n<p>Um ihre Expertise immer auf dem neuesten Stand zu halten, \u00fcbernimmt Daniela Zimmer sowohl Beratungsmandate als auch Umsetzungsprojekte als Projektleiterin, Prozess-Consultant und in Spezialistenfunktionen. Denn nichts geht \u00fcber praktische Erfahrung.<\/p>\n<p>Sie \u00fcbernimmt punktuelle Beratung, z.B. bei Ausschreibungen, speziellen Fragestellungen zu Dienstleistern, Software, Prozessdesign oder bei der Konzeption einer Ma\u00dfnahme, wenn kurz vor Go-live Defizite erkannt werden. <br \/>Auch die l\u00e4ngerfristige Begleitung der digitalen Transformationsinitiativen, z.B. im Programm Management, als Project oder Process Manager direkt im Projekt geh\u00f6rt zum Leistungsspektrum.<\/p>\n<p>Mit der Erfahrung aus zahlreichen CRM- und ERP Implementierungsprojekten kann sie umfassende und aktuelle Hands-on Expertise in komplexe, globale Rollouts einbringen.<\/p>\n<p>Daniela Zimmer steht Ihnen gerne f\u00fcr konkrete Projekt- und Beratungsanfragen zur Verf\u00fcgung.<\/p>\n<p>Kontaktieren Sie uns gerne f\u00fcr ein aktuelles Profil und weitere Informationen.<span class=\"Apple-converted-space\">\u00a0<\/span><\/p>\n<p><strong>Wir freuen uns \u00fcber Ihre <span style=\"text-decoration: underline;\"><span style=\"color: #000000;\"><a href=\"https:\/\/highpriority.de\/kontakt\/\" target=\"_blank\" rel=\"noopener\" style=\"color: #000000; text-decoration: underline;\">Anfrage!<\/a><\/span><\/span><\/strong><\/p>\n<p>[\/et_pb_text][\/et_pb_column][\/et_pb_row][\/et_pb_section]<\/p>\n","protected":false},"excerpt":{"rendered":"<p>Daniela Zimmer \u00a0Gesch\u00e4ftsf\u00fchrende GesellschafterinHigh Priority ist ein kleines, inhabergef\u00fchrtes Beratungsunternehmen, das seit 2015 Kunden bei der Transformation und Digitalisierung in Sales, Services, Demand-, Angebots- und Auftragsmanagement unterst\u00fctzt. Daniela Zimmer gr\u00fcndete die High Priority GmbH 2015 und begleitet seither Kunden bei Ihren Initiativen. Seit vielen Jahren ist es ihre Leidenschaft, Unternehmen aufzubauen, weiterzuentwickeln und die Chancen [&hellip;]<\/p>\n","protected":false},"author":2,"featured_media":0,"parent":0,"menu_order":0,"comment_status":"closed","ping_status":"closed","template":"","meta":{"_et_pb_use_builder":"on","_et_pb_old_content":"","_et_gb_content_width":"","inline_featured_image":false,"footnotes":""},"class_list":["post-690","page","type-page","status-publish","hentry"],"_links":{"self":[{"href":"https:\/\/highpriority.de\/en\/wp-json\/wp\/v2\/pages\/690","targetHints":{"allow":["GET"]}}],"collection":[{"href":"https:\/\/highpriority.de\/en\/wp-json\/wp\/v2\/pages"}],"about":[{"href":"https:\/\/highpriority.de\/en\/wp-json\/wp\/v2\/types\/page"}],"author":[{"embeddable":true,"href":"https:\/\/highpriority.de\/en\/wp-json\/wp\/v2\/users\/2"}],"replies":[{"embeddable":true,"href":"https:\/\/highpriority.de\/en\/wp-json\/wp\/v2\/comments?post=690"}],"version-history":[{"count":10,"href":"https:\/\/highpriority.de\/en\/wp-json\/wp\/v2\/pages\/690\/revisions"}],"predecessor-version":[{"id":919,"href":"https:\/\/highpriority.de\/en\/wp-json\/wp\/v2\/pages\/690\/revisions\/919"}],"wp:attachment":[{"href":"https:\/\/highpriority.de\/en\/wp-json\/wp\/v2\/media?parent=690"}],"curies":[{"name":"wp","href":"https:\/\/api.w.org\/{rel}","templated":true}]}}