{"id":489,"date":"2023-05-05T14:59:47","date_gmt":"2023-05-05T12:59:47","guid":{"rendered":"https:\/\/highpriority.de\/?page_id=489"},"modified":"2023-05-16T19:00:09","modified_gmt":"2023-05-16T17:00:09","slug":"launch-und-projektmanagement-von-crm-systemen-und-digitalen-workflows","status":"publish","type":"page","link":"https:\/\/highpriority.de\/en\/launch-und-projektmanagement-von-crm-systemen-und-digitalen-workflows\/","title":{"rendered":"Launch and Project Management for CRM Systems and Digital Workflows"},"content":{"rendered":"<p>[et_pb_section fb_built=&#8220;1&#8243; fullwidth=&#8220;on&#8220; _builder_version=&#8220;4.16&#8243; _module_preset=&#8220;default&#8220; animation_style=&#8220;slide&#8220; animation_direction=&#8220;top&#8220; animation_intensity_slide=&#8220;2%&#8220; animation_starting_opacity=&#8220;100%&#8220; global_colors_info=&#8220;{}&#8220;][et_pb_fullwidth_header content_max_width=&#8220;700px&#8220; content_tablet=&#8220;&#8220; content_phone=&#8220;&#8220; content_last_edited=&#8220;on|phone&#8220; content_max_width_tablet=&#8220;700px&#8220; content_max_width_phone=&#8220;&#8220; content_max_width_last_edited=&#8220;on|phone&#8220; _builder_version=&#8220;4.17.4&#8243; _module_preset=&#8220;default&#8220; title_font=&#8220;Montserrat||||||||&#8220; title_font_size=&#8220;60px&#8220; title_line_height=&#8220;1.2em&#8220; content_font=&#8220;Montserrat||||||||&#8220; content_text_color=&#8220;#000000&#8243; content_font_size=&#8220;20px&#8220; content_line_height=&#8220;1.8em&#8220; background_color=&#8220;rgba(255, 255, 255, 0)&#8220; background_image=&#8220;https:\/\/highpriority.de\/wp-content\/uploads\/2023\/05\/High-Priority-Website_04.jpg&#8220; custom_button_one=&#8220;on&#8220; button_one_text_size=&#8220;18px&#8220; button_one_bg_color=&#8220;#02d002&#8243; button_one_border_width=&#8220;8px&#8220; button_one_border_color=&#8220;#02d002&#8243; button_one_border_radius=&#8220;0px&#8220; button_one_letter_spacing=&#8220;1px&#8220; button_one_font=&#8220;Lato|700|||||||&#8220; button_one_use_icon=&#8220;off&#8220; custom_button_two=&#8220;on&#8220; button_two_text_size=&#8220;18px&#8220; button_two_text_color=&#8220;#353740&#8243; button_two_bg_color=&#8220;#ffffff&#8220; button_two_border_width=&#8220;8px&#8220; button_two_border_color=&#8220;#ffffff&#8220; button_two_border_radius=&#8220;0px&#8220; button_two_letter_spacing=&#8220;1px&#8220; button_two_font=&#8220;Lato|700|||||||&#8220; button_two_use_icon=&#8220;off&#8220; min_height=&#8220;585px&#8220; min_height_tablet=&#8220;369px&#8220; min_height_phone=&#8220;190px&#8220; min_height_last_edited=&#8220;on|phone&#8220; custom_margin=&#8220;|||&#8220; custom_padding=&#8220;12%||12%|&#8220; title_font_tablet=&#8220;Montserrat||||||||&#8220; title_font_phone=&#8220;Montserrat||||||||&#8220; title_font_last_edited=&#8220;on|tablet&#8220; title_font_size_tablet=&#8220;37px&#8220; title_font_size_phone=&#8220;25px&#8220; title_font_size_last_edited=&#8220;on|phone&#8220; content_font_size_tablet=&#8220;15px&#8220; content_font_size_phone=&#8220;13px&#8220; content_font_size_last_edited=&#8220;on|tablet&#8220; button_one_letter_spacing_hover=&#8220;1px&#8220; button_two_letter_spacing_hover=&#8220;1px&#8220; global_colors_info=&#8220;{}&#8220; button_one_text_size__hover_enabled=&#8220;off&#8220; button_two_text_size__hover_enabled=&#8220;off&#8220; button_one_text_color__hover_enabled=&#8220;off&#8220; button_two_text_color__hover_enabled=&#8220;off&#8220; button_one_border_width__hover_enabled=&#8220;off&#8220; button_two_border_width__hover_enabled=&#8220;off&#8220; button_one_border_color__hover_enabled=&#8220;off&#8220; button_two_border_color__hover_enabled=&#8220;off&#8220; button_one_border_radius__hover_enabled=&#8220;off&#8220; button_two_border_radius__hover_enabled=&#8220;off&#8220; button_one_letter_spacing__hover_enabled=&#8220;on&#8220; button_one_letter_spacing__hover=&#8220;1px&#8220; button_two_letter_spacing__hover_enabled=&#8220;on&#8220; button_two_letter_spacing__hover=&#8220;1px&#8220; button_one_bg_color__hover_enabled=&#8220;off&#8220; button_two_bg_color__hover_enabled=&#8220;off&#8220;][\/et_pb_fullwidth_header][\/et_pb_section][et_pb_section fb_built=&#8220;1&#8243; _builder_version=&#8220;4.17.4&#8243; _module_preset=&#8220;default&#8220; global_colors_info=&#8220;{}&#8220;][et_pb_row _builder_version=&#8220;4.17.4&#8243; _module_preset=&#8220;default&#8220; global_colors_info=&#8220;{}&#8220;][et_pb_column type=&#8220;4_4&#8243; _builder_version=&#8220;4.17.4&#8243; _module_preset=&#8220;default&#8220; global_colors_info=&#8220;{}&#8220;][et_pb_text _builder_version=&#8220;4.17.4&#8243; _module_preset=&#8220;default&#8220; header_2_font=&#8220;Montserrat|300|||||||&#8220; header_2_font_size=&#8220;30px&#8220; header_2_line_height=&#8220;1.5em&#8220; header_2_font_size_tablet=&#8220;24px&#8220; header_2_font_size_phone=&#8220;21px&#8220; header_2_font_size_last_edited=&#8220;on|phone&#8220; header_2_line_height_tablet=&#8220;1.5em&#8220; header_2_line_height_phone=&#8220;1.4em&#8220; header_2_line_height_last_edited=&#8220;on|desktop&#8220; global_colors_info=&#8220;{}&#8220;]<\/p>\n<h2>Launch- und Projektmanagement von CRM-Systemen und digitalen Workflows<\/h2>\n<p>[\/et_pb_text][\/et_pb_column][\/et_pb_row][et_pb_row _builder_version=&#8220;4.17.4&#8243; _module_preset=&#8220;default&#8220; custom_margin=&#8220;50px||||false|false&#8220; custom_margin_tablet=&#8220;0px||||false|false&#8220; custom_margin_phone=&#8220;0px||||false|false&#8220; custom_margin_last_edited=&#8220;on|phone&#8220; global_colors_info=&#8220;{}&#8220;][et_pb_column type=&#8220;4_4&#8243; _builder_version=&#8220;4.17.4&#8243; _module_preset=&#8220;default&#8220; global_colors_info=&#8220;{}&#8220;][et_pb_text _builder_version=&#8220;4.17.4&#8243; _module_preset=&#8220;default&#8220; text_font=&#8220;Montserrat|300|||||||&#8220; text_text_color=&#8220;#000000&#8243; text_font_size=&#8220;17px&#8220; header_3_font=&#8220;Montserrat||||||||&#8220; header_3_text_color=&#8220;#e30613&#8243; custom_padding=&#8220;|||170px|false|false&#8220; custom_padding_tablet=&#8220;|||0px|false|false&#8220; custom_padding_phone=&#8220;|||0px|false|false&#8220; custom_padding_last_edited=&#8220;on|desktop&#8220; text_font_size_tablet=&#8220;16px&#8220; text_font_size_phone=&#8220;15px&#8220; text_font_size_last_edited=&#8220;on|tablet&#8220; header_3_font_size_tablet=&#8220;20px&#8220; header_3_font_size_phone=&#8220;17px&#8220; header_3_font_size_last_edited=&#8220;on|phone&#8220; header_3_line_height_tablet=&#8220;1.5em&#8220; header_3_line_height_phone=&#8220;1.4em&#8220; header_3_line_height_last_edited=&#8220;on|desktop&#8220; global_colors_info=&#8220;{}&#8220;]<\/p>\n<h3>Strukturierte, teamorientierte Ans\u00e4tze f\u00fcr den Go-live in Time und Budget<\/h3>\n<p>&nbsp;<\/p>\n<p>Die passende Methode und ein gut gew\u00e4hltes Projektteam, das reibungslos zusammenarbeitet, sind essenziell f\u00fcr den Erfolg Ihres CRM-Systems. Damit k\u00f6nnen Sie sicherstellen, dass Ihre Projekte in Time, Budget und Quality erfolgreich umgesetzt werden.<span class=\"Apple-converted-space\">\u00a0<\/span><\/p>\n<p>Agiles Projektmanagement unterst\u00fctzt Sie dabei auch komplexe, gro\u00dfe Projekte mit hoher Flexibilit\u00e4t und Transparenz umzusetzen, in kleinere Pakete zu strukturieren und direkt, wo n\u00f6tig, anzupassen. Manchmal kann jedoch auch ein hybrider Ansatz oder die klassische Wasserfall-Methode zielf\u00fchrend sein.<\/p>\n<p>Wir unterst\u00fctzen Sie dabei, die passende Projektmanagement-Methode auszuw\u00e4hlen und begleiten Ihre Projekte durch Planung und Umsetzung.<\/p>\n<p>Unsere Leistungen beinhalten:<\/p>\n<p>&nbsp;<\/p>\n<ul>\n<li><span><\/span>Auswahl der geeigneten Projektmanagement-Methode<\/li>\n<li><span><\/span>Unterst\u00fctzung bei der Einf\u00fchrung des agilen Projektmanagements mit Scrum<\/li>\n<li><span><\/span>Projektbegleitung als Project Manager, Business Specialist, Scrum Master, Product Owner<\/li>\n<li><span><\/span>Unterst\u00fctzung bei der Auswahl des Projektteams: interne Stakeholder, externe Implementierungspartner<\/li>\n<li><span><\/span>Entwicklung und Monitoring von Projektpl\u00e4nen, Roadmaps, Milestones, Ressourcen, Budgets<\/li>\n<li><span><\/span>Entwicklung und Monitoring von Risikomanagement- und Sicherheitskonzepten<\/li>\n<li><span><\/span>Begleitung der Entwicklung von Backlog, User Stories, Sprints, Scrum Events<\/li>\n<li><span><\/span>Testmanagement<\/li>\n<li><span><\/span>Release- und Deployment Management<span class=\"Apple-converted-space\">\u00a0<\/span><\/li>\n<li><span><\/span>Projektdokumentation<span class=\"Apple-converted-space\">\u00a0<\/span><\/li>\n<\/ul>\n<p>[\/et_pb_text][\/et_pb_column][\/et_pb_row][et_pb_row _builder_version=&#8220;4.17.4&#8243; _module_preset=&#8220;default&#8220; global_colors_info=&#8220;{}&#8220;][et_pb_column type=&#8220;4_4&#8243; _builder_version=&#8220;4.17.4&#8243; _module_preset=&#8220;default&#8220; global_colors_info=&#8220;{}&#8220;][et_pb_text _builder_version=&#8220;4.21.0&#8243; _module_preset=&#8220;default&#8220; header_2_font=&#8220;Montserrat|300|||||||&#8220; header_2_font_size=&#8220;30px&#8220; header_2_line_height=&#8220;1.5em&#8220; header_2_font_size_tablet=&#8220;24px&#8220; header_2_font_size_phone=&#8220;21px&#8220; header_2_font_size_last_edited=&#8220;on|phone&#8220; header_2_line_height_tablet=&#8220;1.5em&#8220; header_2_line_height_phone=&#8220;1.4em&#8220; header_2_line_height_last_edited=&#8220;on|desktop&#8220; global_colors_info=&#8220;{}&#8220;]<\/p>\n<h2>Weitere Leistungen<\/h2>\n<p>[\/et_pb_text][\/et_pb_column][\/et_pb_row][et_pb_row column_structure=&#8220;1_5,1_5,1_5,1_5,1_5&#8243; use_custom_gutter=&#8220;on&#8220; _builder_version=&#8220;4.21.0&#8243; _module_preset=&#8220;default&#8220; width_tablet=&#8220;90%&#8220; width_phone=&#8220;90%&#8220; width_last_edited=&#8220;on|desktop&#8220; max_width_tablet=&#8220;100%&#8220; max_width_phone=&#8220;100%&#8220; max_width_last_edited=&#8220;on|desktop&#8220; locked=&#8220;off&#8220; global_colors_info=&#8220;{}&#8220;][et_pb_column type=&#8220;1_5&#8243; _builder_version=&#8220;4.17.4&#8243; _module_preset=&#8220;default&#8220; global_colors_info=&#8220;{}&#8220;][et_pb_image src=&#8220;https:\/\/highpriority.de\/wp-content\/uploads\/2023\/05\/High-Priority-Website_02.jpg&#8220; title_text=&#8220;High-Priority-Website_02&#8243; _builder_version=&#8220;4.17.4&#8243; _module_preset=&#8220;default&#8220; global_colors_info=&#8220;{}&#8220;][\/et_pb_image][et_pb_text _builder_version=&#8220;4.21.0&#8243; _module_preset=&#8220;default&#8220; text_font=&#8220;Montserrat|300|||||||&#8220; text_text_color=&#8220;#000000&#8243; text_orientation=&#8220;center&#8220; content_last_edited=&#8220;on|tablet&#8220; hover_enabled=&#8220;0&#8243; sticky_enabled=&#8220;0&#8243; content_tablet=&#8220;<\/p>\n<p><b>Digitalisierung von Prozessen und Gesch\u00e4ftsmodellen<\/b><\/p>\n<p><a href=%22https:\/\/highpriority.de\/digitalisieren-von-prozessen-und-geschaeftsmodellen\/%22><span style=%22color: #e30613;%22>Mehr erfahren &gt;<\/span><\/a><\/p>\n<p>&#8220; content_phone=&#8220;<\/p>\n<p><b>Digitalisierung von Prozessen und Gesch\u00e4ftsmodellen<\/b><\/p>\n<p><a href=%22https:\/\/highpriority.de\/digitalisieren-von-prozessen-und-geschaeftsmodellen\/%22><span style=%22color: #e30613;%22>Mehr erfahren &gt;<\/span><\/a><\/p>\n<p>&#8222;]<\/p>\n<p><b>Digitalisierung von Prozessen und Gesch\u00e4ftsmodellen<\/b><\/p>\n<p>[\/et_pb_text][\/et_pb_column][et_pb_column type=&#8220;1_5&#8243; _builder_version=&#8220;4.17.4&#8243; _module_preset=&#8220;default&#8220; global_colors_info=&#8220;{}&#8220;][et_pb_image src=&#8220;https:\/\/highpriority.de\/wp-content\/uploads\/2023\/05\/High-Priority-Website_03.jpg&#8220; title_text=&#8220;High-Priority-Website_03&#8243; _builder_version=&#8220;4.17.4&#8243; _module_preset=&#8220;default&#8220; global_colors_info=&#8220;{}&#8220;][\/et_pb_image][et_pb_text _builder_version=&#8220;4.21.0&#8243; _module_preset=&#8220;default&#8220; text_font=&#8220;Montserrat|300|||||||&#8220; text_text_color=&#8220;#000000&#8243; text_orientation=&#8220;center&#8220; content_last_edited=&#8220;on|tablet&#8220; hover_enabled=&#8220;0&#8243; sticky_enabled=&#8220;0&#8243; content_tablet=&#8220;<\/p>\n<p><b>Business- und funktionale Architektur von End-zu-End CRM-Systemen<\/b><\/p>\n<p><a href=%22https:\/\/highpriority.de\/business-und-funktionale-architektur-von-end-zu-end-crm-systemen\/%22><span style=%22color: #e30613;%22>Mehr erfahren &gt;<\/span><\/a><\/p>\n<p>&#8220; content_phone=&#8220;<\/p>\n<p><b>Business- und funktionale Architektur von End-zu-End CRM-Systemen<\/b><\/p>\n<p><a href=%22https:\/\/highpriority.de\/business-und-funktionale-architektur-von-end-zu-end-crm-systemen\/%22><span style=%22color: #e30613;%22>Mehr erfahren &gt;<\/span><\/a><\/p>\n<p>&#8222;]<\/p>\n<p><b>Business- und funktionale Architektur von End-zu-End CRM-Systemen<\/b><\/p>\n<p>[\/et_pb_text][\/et_pb_column][et_pb_column type=&#8220;1_5&#8243; _builder_version=&#8220;4.17.4&#8243; _module_preset=&#8220;default&#8220; global_colors_info=&#8220;{}&#8220;][et_pb_image src=&#8220;https:\/\/highpriority.de\/wp-content\/uploads\/2023\/05\/High-Priority-Website_05.jpg&#8220; title_text=&#8220;High-Priority-Website_05&#8243; _builder_version=&#8220;4.17.4&#8243; _module_preset=&#8220;default&#8220; global_colors_info=&#8220;{}&#8220;][\/et_pb_image][et_pb_text _builder_version=&#8220;4.21.0&#8243; _module_preset=&#8220;default&#8220; text_font=&#8220;Montserrat|300|||||||&#8220; text_text_color=&#8220;#000000&#8243; text_orientation=&#8220;center&#8220; content_last_edited=&#8220;on|tablet&#8220; hover_enabled=&#8220;0&#8243; sticky_enabled=&#8220;0&#8243; content_tablet=&#8220;<\/p>\n<p><b>Schulungskonzepte und Key User Schulungen<\/b><\/p>\n<p><a href=%22https:\/\/highpriority.de\/schulungskonzepte-und-key-user-schulungen\/%22><span style=%22color: #e30613;%22>Mehr erfahren &gt;<\/span><\/a><\/p>\n<p>&#8220; content_phone=&#8220;<\/p>\n<p><b>Schulungskonzepte und Key User Schulungen<\/b><\/p>\n<p><a href=%22https:\/\/highpriority.de\/schulungskonzepte-und-key-user-schulungen\/%22><span style=%22color: #e30613;%22>Mehr erfahren &gt;<\/span><\/a><\/p>\n<p>&#8222;]<\/p>\n<p><b>Schulungskonzepte und Key User Schulungen<\/b><\/p>\n<p>[\/et_pb_text][\/et_pb_column][et_pb_column type=&#8220;1_5&#8243; _builder_version=&#8220;4.17.4&#8243; _module_preset=&#8220;default&#8220; global_colors_info=&#8220;{}&#8220;][et_pb_image src=&#8220;https:\/\/highpriority.de\/wp-content\/uploads\/2023\/05\/High-Priority-Website_06.jpg&#8220; title_text=&#8220;High-Priority-Website_06&#8243; _builder_version=&#8220;4.17.4&#8243; _module_preset=&#8220;default&#8220; global_colors_info=&#8220;{}&#8220;][\/et_pb_image][et_pb_text _builder_version=&#8220;4.21.0&#8243; _module_preset=&#8220;default&#8220; text_font=&#8220;Montserrat|300|||||||&#8220; text_text_color=&#8220;#000000&#8243; text_orientation=&#8220;center&#8220; content_last_edited=&#8220;on|tablet&#8220; hover_enabled=&#8220;0&#8243; sticky_enabled=&#8220;0&#8243; content_tablet=&#8220;<\/p>\n<p><b>Customer Experience \u2013 am Benutzer orientierte Workflows, Oberfl\u00e4chen, Schnittstellen<\/b><\/p>\n<p><a href=%22https:\/\/highpriority.de\/customer-experience-am-benutzer-orientierte-workflows-oberflaechen-schnittstellen\/%22><span style=%22color: #e30613;%22>Mehr erfahren &gt;<\/span><\/a><\/p>\n<p>&#8220; content_phone=&#8220;<\/p>\n<p><b>Customer Experience \u2013 am Benutzer orientierte Workflows, Oberfl\u00e4chen, Schnittstellen<\/b><\/p>\n<p><a href=%22https:\/\/highpriority.de\/customer-experience-am-benutzer-orientierte-workflows-oberflaechen-schnittstellen\/%22><span style=%22color: #e30613;%22>Mehr erfahren &gt;<\/span><\/a><\/p>\n<p>&#8222;]<\/p>\n<p><b>Customer Experience \u2013 am Benutzer orientierte Workflows, Oberfl\u00e4chen, Schnittstellen<\/b><\/p>\n<p>[\/et_pb_text][\/et_pb_column][et_pb_column type=&#8220;1_5&#8243; _builder_version=&#8220;4.17.4&#8243; _module_preset=&#8220;default&#8220; global_colors_info=&#8220;{}&#8220;][et_pb_image src=&#8220;https:\/\/highpriority.de\/wp-content\/uploads\/2023\/05\/High-Priority-Website_08.jpg&#8220; title_text=&#8220;High-Priority-Website_08&#8243; _builder_version=&#8220;4.17.4&#8243; _module_preset=&#8220;default&#8220; global_colors_info=&#8220;{}&#8220;][\/et_pb_image][et_pb_text _builder_version=&#8220;4.21.0&#8243; _module_preset=&#8220;default&#8220; text_font=&#8220;Montserrat|300|||||||&#8220; text_text_color=&#8220;#000000&#8243; text_orientation=&#8220;center&#8220; content_last_edited=&#8220;on|tablet&#8220; hover_enabled=&#8220;0&#8243; sticky_enabled=&#8220;0&#8243; content_tablet=&#8220;<\/p>\n<p><b>Management-, Stakeholder-, Teamkommunikation<\/b><\/p>\n<p><a href=%22https:\/\/highpriority.de\/management-stakeholder-teamkommunikation\/%22><span style=%22color: #e30613;%22>Mehr erfahren &gt;<\/span><\/a><\/p>\n<p>&#8220; content_phone=&#8220;<\/p>\n<p><b>Management-, Stakeholder-, Teamkommunikation<\/b><\/p>\n<p><a href=%22https:\/\/highpriority.de\/management-stakeholder-teamkommunikation\/%22><span style=%22color: #e30613;%22>Mehr erfahren &gt;<\/span><\/a><\/p>\n<p>&#8222;]<\/p>\n<p><b>Management-, Stakeholder-, Teamkommunikation<\/b><\/p>\n<p>[\/et_pb_text][\/et_pb_column][\/et_pb_row][et_pb_row column_structure=&#8220;1_5,1_5,1_5,1_5,1_5&#8243; use_custom_gutter=&#8220;on&#8220; disabled_on=&#8220;on|on|off&#8220; _builder_version=&#8220;4.21.0&#8243; _module_preset=&#8220;default&#8220; width_tablet=&#8220;90%&#8220; width_phone=&#8220;90%&#8220; width_last_edited=&#8220;on|desktop&#8220; locked=&#8220;off&#8220; global_colors_info=&#8220;{}&#8220;][et_pb_column type=&#8220;1_5&#8243; _builder_version=&#8220;4.17.4&#8243; _module_preset=&#8220;default&#8220; global_colors_info=&#8220;{}&#8220;][et_pb_button button_url=&#8220;https:\/\/highpriority.de\/digitalisieren-von-prozessen-und-geschaeftsmodellen\/&#8220; button_text=&#8220;Mehr erfahren&#8220; button_alignment=&#8220;center&#8220; _builder_version=&#8220;4.21.0&#8243; _module_preset=&#8220;default&#8220; custom_button=&#8220;on&#8220; button_text_size=&#8220;12px&#8220; button_text_color=&#8220;#e02b20&#8243; button_border_width=&#8220;1px&#8220; button_border_color=&#8220;#b2b2b2&#8243; button_border_radius=&#8220;1px&#8220; button_font=&#8220;Roboto|300|||||||&#8220; global_colors_info=&#8220;{}&#8220;][\/et_pb_button][\/et_pb_column][et_pb_column type=&#8220;1_5&#8243; _builder_version=&#8220;4.17.4&#8243; _module_preset=&#8220;default&#8220; global_colors_info=&#8220;{}&#8220;][et_pb_button button_url=&#8220;https:\/\/highpriority.de\/business-und-funktionale-architektur-von-end-zu-end-crm-systemen\/&#8220; button_text=&#8220;Mehr erfahren&#8220; button_alignment=&#8220;center&#8220; _builder_version=&#8220;4.21.0&#8243; _module_preset=&#8220;default&#8220; custom_button=&#8220;on&#8220; button_text_size=&#8220;12px&#8220; button_text_color=&#8220;#e02b20&#8243; button_border_width=&#8220;1px&#8220; button_border_color=&#8220;#b2b2b2&#8243; button_border_radius=&#8220;1px&#8220; button_font=&#8220;Roboto|300|||||||&#8220; global_colors_info=&#8220;{}&#8220;][\/et_pb_button][\/et_pb_column][et_pb_column type=&#8220;1_5&#8243; _builder_version=&#8220;4.17.4&#8243; _module_preset=&#8220;default&#8220; global_colors_info=&#8220;{}&#8220;][et_pb_button button_url=&#8220;https:\/\/highpriority.de\/schulungskonzepte-und-key-user-schulungen\/&#8220; button_text=&#8220;Mehr erfahren&#8220; button_alignment=&#8220;center&#8220; _builder_version=&#8220;4.21.0&#8243; _module_preset=&#8220;default&#8220; custom_button=&#8220;on&#8220; button_text_size=&#8220;12px&#8220; button_text_color=&#8220;#e02b20&#8243; button_border_width=&#8220;1px&#8220; button_border_color=&#8220;#b2b2b2&#8243; button_border_radius=&#8220;1px&#8220; button_font=&#8220;Roboto|300|||||||&#8220; global_colors_info=&#8220;{}&#8220;][\/et_pb_button][\/et_pb_column][et_pb_column type=&#8220;1_5&#8243; _builder_version=&#8220;4.17.4&#8243; _module_preset=&#8220;default&#8220; global_colors_info=&#8220;{}&#8220;][et_pb_button button_url=&#8220;https:\/\/highpriority.de\/customer-experience-am-benutzer-orientierte-workflows-oberflaechen-schnittstellen\/&#8220; button_text=&#8220;Mehr erfahren&#8220; button_alignment=&#8220;center&#8220; _builder_version=&#8220;4.21.0&#8243; _module_preset=&#8220;default&#8220; custom_button=&#8220;on&#8220; button_text_size=&#8220;12px&#8220; button_text_color=&#8220;#e02b20&#8243; button_border_width=&#8220;1px&#8220; button_border_color=&#8220;#b2b2b2&#8243; button_border_radius=&#8220;1px&#8220; button_font=&#8220;Roboto|300|||||||&#8220; global_colors_info=&#8220;{}&#8220;][\/et_pb_button][\/et_pb_column][et_pb_column type=&#8220;1_5&#8243; _builder_version=&#8220;4.17.4&#8243; _module_preset=&#8220;default&#8220; global_colors_info=&#8220;{}&#8220;][et_pb_button button_url=&#8220;https:\/\/highpriority.de\/management-stakeholder-teamkommunikation\/&#8220; button_text=&#8220;Mehr erfahren&#8220; button_alignment=&#8220;center&#8220; _builder_version=&#8220;4.21.0&#8243; _module_preset=&#8220;default&#8220; custom_button=&#8220;on&#8220; button_text_size=&#8220;12px&#8220; button_text_color=&#8220;#e02b20&#8243; button_border_width=&#8220;1px&#8220; button_border_color=&#8220;#b2b2b2&#8243; button_border_radius=&#8220;1px&#8220; button_font=&#8220;Roboto|300|||||||&#8220; global_colors_info=&#8220;{}&#8220;][\/et_pb_button][\/et_pb_column][\/et_pb_row][\/et_pb_section]<\/p>\n","protected":false},"excerpt":{"rendered":"<p>Launch- und Projektmanagement von CRM-Systemen und digitalen WorkflowsStrukturierte, teamorientierte Ans\u00e4tze f\u00fcr den Go-live in Time und Budget &nbsp; Die passende Methode und ein gut gew\u00e4hltes Projektteam, das reibungslos zusammenarbeitet, sind essenziell f\u00fcr den Erfolg Ihres CRM-Systems. Damit k\u00f6nnen Sie sicherstellen, dass Ihre Projekte in Time, Budget und Quality erfolgreich umgesetzt werden.\u00a0 Agiles Projektmanagement unterst\u00fctzt Sie [&hellip;]<\/p>\n","protected":false},"author":2,"featured_media":0,"parent":0,"menu_order":0,"comment_status":"closed","ping_status":"closed","template":"","meta":{"_et_pb_use_builder":"on","_et_pb_old_content":"","_et_gb_content_width":"","inline_featured_image":false,"footnotes":""},"class_list":["post-489","page","type-page","status-publish","hentry"],"_links":{"self":[{"href":"https:\/\/highpriority.de\/en\/wp-json\/wp\/v2\/pages\/489","targetHints":{"allow":["GET"]}}],"collection":[{"href":"https:\/\/highpriority.de\/en\/wp-json\/wp\/v2\/pages"}],"about":[{"href":"https:\/\/highpriority.de\/en\/wp-json\/wp\/v2\/types\/page"}],"author":[{"embeddable":true,"href":"https:\/\/highpriority.de\/en\/wp-json\/wp\/v2\/users\/2"}],"replies":[{"embeddable":true,"href":"https:\/\/highpriority.de\/en\/wp-json\/wp\/v2\/comments?post=489"}],"version-history":[{"count":9,"href":"https:\/\/highpriority.de\/en\/wp-json\/wp\/v2\/pages\/489\/revisions"}],"predecessor-version":[{"id":757,"href":"https:\/\/highpriority.de\/en\/wp-json\/wp\/v2\/pages\/489\/revisions\/757"}],"wp:attachment":[{"href":"https:\/\/highpriority.de\/en\/wp-json\/wp\/v2\/media?parent=489"}],"curies":[{"name":"wp","href":"https:\/\/api.w.org\/{rel}","templated":true}]}}